{"id":24785,"date":"2022-07-14T02:38:12","date_gmt":"2022-07-14T00:38:12","guid":{"rendered":"https:\/\/meblero.com\/p\/4-tier-shelf-with-8-open-cubes-white-oak-colour-camarles\/"},"modified":"2025-04-18T05:15:27","modified_gmt":"2025-04-18T03:15:27","slug":"4-tier-shelf-8-open-cubes-white-oak-colour-camarles","status":"publish","type":"product","link":"https:\/\/meblero.com\/en\/p\/4-tier-shelf-8-open-cubes-white-oak-colour-camarles\/","title":{"rendered":"4-Tier Shelf with 8 Open Cubes, White\/Oak Colour \u2013 Camarles"},"content":{"rendered":"<p>This is the perfect <strong>shelf <\/strong>if you want to have completely symmetrical elements in your home.<\/p>\n<p>It is a rectangular piece of furniture that contains <strong>8 open shelves<\/strong>, all of which are exactly the same size and square-shaped.<\/p>\n<p>The outer part of the shelf stands out due to its very different colour, in this case, the combination of <strong>oak and white<\/strong>, both neutral colours that can blend with the d\u00e9cor of any space in the room where it will be placed.<\/p>\n<p>Due to its perfect <strong>symmetrical design<\/strong>, this shelf can be used in various ways without compromising its strength. This means you can <strong>place it vertically or horizontally<\/strong>, depending on your layout or preference.<\/p>\n<p>Each shelf is <strong>fixed <\/strong>in place to ensure the stability of the furniture and the items inside. Without a doubt, it adds a very modern touch to any room.<\/p>\n<p>The product has dimensions of <strong>71.5 cm in width, 33 cm in depth, and 137 cm in height<\/strong>. If you\u2019re looking for a horizontal shelf around 140 cm wide or a vertical shelf around 70 cm wide, check the available space to see if this model would be suitable for your room.<\/p>\n<p><strong>Also check out the desk in the same style:<\/strong><\/p>\n<blockquote class=\"wp-embedded-content\" data-secret=\"brBNJpX9HQ\"><p><a href=\"https:\/\/meblero.com\/p\/escritorio-pequeno-poco-profundo-espacios-reducidos-cajon-camarles\/\">Escritorio peque\u00f1o con caj\u00f3n, poco profundo, para espacios reducidos &#8211; Camarles<\/a><\/p><\/blockquote>\n<p><iframe loading=\"lazy\" class=\"wp-embedded-content\" sandbox=\"allow-scripts\" security=\"restricted\" style=\"position: absolute; visibility: hidden;\" title=\"&#8220;Escritorio peque\u00f1o con caj\u00f3n, poco profundo, para espacios reducidos &#8211; Camarles&#8221; &#8212; MEBLERO: muebles, sof\u00e1s, decoraci\u00f3n, hogar\" src=\"https:\/\/meblero.com\/p\/escritorio-pequeno-poco-profundo-espacios-reducidos-cajon-camarles\/embed\/#?secret=bn0NYH83Vg#?secret=brBNJpX9HQ\" data-secret=\"brBNJpX9HQ\" width=\"500\" height=\"282\" frameborder=\"0\" marginwidth=\"0\" marginheight=\"0\" scrolling=\"no\"><\/iframe><\/p>\n","protected":false},"excerpt":{"rendered":"<ul>\n<li>The shelf be assembled vertically or horizontally<\/li>\n<li>8 <span style=\"font-size: 16px; font-style: normal; font-weight: 400;\">cube<\/span>-shaped compartments, fixed in height<\/li>\n<li>Oak &#8211; white colour<\/li>\n<li>Materials: particleboard, melamine, and MDF<\/li>\n<li>Includes metal hardware for wall mounting<\/li>\n<\/ul>\n","protected":false},"featured_media":20738,"comment_status":"open","ping_status":"closed","template":"","meta":{"site-sidebar-layout":"default","site-content-layout":"default","ast-site-content-layout":"default","site-content-style":"default","site-sidebar-style":"default","ast-global-header-display":"","ast-banner-title-visibility":"","ast-main-header-display":"","ast-hfb-above-header-display":"","ast-hfb-below-header-display":"","ast-hfb-mobile-header-display":"","site-post-title":"","ast-breadcrumbs-content":"","ast-featured-img":"","footer-sml-layout":"","ast-disable-related-posts":"","theme-transparent-header-meta":"default","adv-header-id-meta":"","stick-header-meta":"","header-above-stick-meta":"","header-main-stick-meta":"","header-below-stick-meta":"","astra-migrate-meta-layouts":"set","ast-page-background-enabled":"default","ast-page-background-meta":{"desktop":{"background-color":"var(--ast-global-color-4)","background-image":"","background-repeat":"repeat","background-position":"center center","background-size":"auto","background-attachment":"scroll","background-type":"","background-media":"","overlay-type":"","overlay-color":"","overlay-opacity":"","overlay-gradient":""},"tablet":{"background-color":"","background-image":"","background-repeat":"repeat","background-position":"center center","background-size":"auto","background-attachment":"scroll","background-type":"","background-media":"","overlay-type":"","overlay-color":"","overlay-opacity":"","overlay-gradient":""},"mobile":{"background-color":"","background-image":"","background-repeat":"repeat","background-position":"center center","background-size":"auto","background-attachment":"scroll","background-type":"","background-media":"","overlay-type":"","overlay-color":"","overlay-opacity":"","overlay-gradient":""}},"ast-content-background-meta":{"desktop":{"background-color":"var(--ast-global-color-5)","background-image":"","background-repeat":"repeat","background-position":"center center","background-size":"auto","background-attachment":"scroll","background-type":"","background-media":"","overlay-type":"","overlay-color":"","overlay-opacity":"","overlay-gradient":""},"tablet":{"background-color":"var(--ast-global-color-5)","background-image":"","background-repeat":"repeat","background-position":"center center","background-size":"auto","background-attachment":"scroll","background-type":"","background-media":"","overlay-type":"","overlay-color":"","overlay-opacity":"","overlay-gradient":""},"mobile":{"background-color":"var(--ast-global-color-5)","background-image":"","background-repeat":"repeat","background-position":"center center","background-size":"auto","background-attachment":"scroll","background-type":"","background-media":"","overlay-type":"","overlay-color":"","overlay-opacity":"","overlay-gradient":""}}},"product_brand":[],"product_cat":[1086,1097],"product_tag":[],"class_list":{"0":"post-24785","1":"product","2":"type-product","3":"status-publish","4":"has-post-thumbnail","6":"product_cat-furniture","7":"product_cat-shelves","8":"product_shipping_class-30-49-kg-10-dias","9":"pa_color-brown","10":"pa_color-white","11":"pa_estancia-bedroom","12":"pa_estancia-living-dining-room","13":"pa_estancia-office","14":"pa_estilo-modern","15":"pa_material-mdf-en","16":"pa_material-melamine","17":"pa_material-particle-board","18":"desktop-align-left","19":"tablet-align-left","20":"mobile-align-left","22":"first","23":"onbackorder","24":"taxable","25":"shipping-taxable","26":"purchasable","27":"product-type-simple","28":"add-to-wishlist-before_image"},"_links":{"self":[{"href":"https:\/\/meblero.com\/en\/wp-json\/wp\/v2\/product\/24785","targetHints":{"allow":["GET"]}}],"collection":[{"href":"https:\/\/meblero.com\/en\/wp-json\/wp\/v2\/product"}],"about":[{"href":"https:\/\/meblero.com\/en\/wp-json\/wp\/v2\/types\/product"}],"replies":[{"embeddable":true,"href":"https:\/\/meblero.com\/en\/wp-json\/wp\/v2\/comments?post=24785"}],"wp:featuredmedia":[{"embeddable":true,"href":"https:\/\/meblero.com\/en\/wp-json\/wp\/v2\/media\/20738"}],"wp:attachment":[{"href":"https:\/\/meblero.com\/en\/wp-json\/wp\/v2\/media?parent=24785"}],"wp:term":[{"taxonomy":"product_brand","embeddable":true,"href":"https:\/\/meblero.com\/en\/wp-json\/wp\/v2\/product_brand?post=24785"},{"taxonomy":"product_cat","embeddable":true,"href":"https:\/\/meblero.com\/en\/wp-json\/wp\/v2\/product_cat?post=24785"},{"taxonomy":"product_tag","embeddable":true,"href":"https:\/\/meblero.com\/en\/wp-json\/wp\/v2\/product_tag?post=24785"}],"curies":[{"name":"wp","href":"https:\/\/api.w.org\/{rel}","templated":true}]}}