{"id":23290,"date":"2023-11-01T04:04:23","date_gmt":"2023-11-01T03:04:23","guid":{"rendered":"https:\/\/meblero.com\/p\/trundle-bed-with-front-panel-2-beds-90-x-190-cm-miki\/"},"modified":"2025-01-31T07:45:33","modified_gmt":"2025-01-31T06:45:33","slug":"trundle-bed-with-front-panel-2-beds-90-190-cm-miki","status":"publish","type":"product","link":"https:\/\/meblero.com\/en\/p\/trundle-bed-with-front-panel-2-beds-90-190-cm-miki\/","title":{"rendered":"Trundle Bed with Front Panel (2 Beds 90 x 190 cm) &#8211; Miki"},"content":{"rendered":"<p>This Miki double<strong> trundle bed <\/strong>is the perfect solution for shared rooms, families with two children, or as a guest bed.<\/p>\n<p>With<strong> two single beds measuring 90 x 190 cm<\/strong>, this bed offers comfort and functionality in a modern design. The four available <strong>colours<\/strong> cater to different tastes and styles, including<strong> &#8220;White with grain \/ Grey&#8221;, &#8220;White with grain \/ Oak&#8221;, &#8220;Oak \/ White with grain<\/strong><strong style=\"font-size: 16px; font-style: normal;\">&#8220;<\/strong>, <span style=\"font-size: 16px;\">or <\/span><strong style=\"font-size: 16px;\">&#8220;Oak \/ Grey&#8221;. <\/strong><span style=\"font-size: 16px;\">Esto te permite combinarla f\u00e1cilmente con la decoraci\u00f3n de la habitaci\u00f3n. <\/span><\/p>\n<p><a href=\"https:\/\/meblero.com\/en\/c\/mattresses\/\"><strong>Mattresses<\/strong><\/a> and bases are not included, allowing you to choose the ones that best fit your needs and preferences. For the lower bed, you will need a <a href=\"https:\/\/meblero.com\/p\/somier-arrastre-cama-nido-patas-plegables-ruedas-90-190\/\"><strong>pull-out slatted base measuring 90 x 190 cm<\/strong><\/a>, while the upper bed requires a <a href=\"https:\/\/meblero.com\/p\/somier-laminas-madera-bastidor-acero-barras-refuerzo-varenna\/?attribute_medidas-patas=90+x+190%2C+sin+patas\"><strong>standard slatted base without legs<\/strong><\/a> of the same size.<\/p>\n<p>The bed is equipped with <strong>two wide grey handles<\/strong> for accessing the lower bed. It is <strong>compatible with other furniture from the Miki series<\/strong>, enabling you to create a harmonious and complete bedroom using other elements from the collection.<\/p>\n<p>With dimensions of <strong>194.4 cm in length, 98 cm in depth, and 58 cm in height<\/strong>, this double trundle bed fits perfectly into the bedroom while offering a modern style thanks to its melamine finish.<\/p>\n<p>Choose this Miki double trundle bed if you are looking for a <strong>versatile and stylish solution<\/strong> for your kids&#8217; or shared rooms. With its practical design and colour options, it is an ideal addition to your home.<\/p>\n","protected":false},"excerpt":{"rendered":"<ul>\n<li>Ideal for two children<\/li>\n<li>Mattresses and bed bases <strong>not included<\/strong><\/li>\n<li>The lower bed requires a 90 x 190 cm slatted trundle bed base<\/li>\n<li>The upper bed requires a 90 x 190 cm slatted base without legs<\/li>\n<li>Compatible with other furniture from the Miki range<\/li>\n<\/ul>\n","protected":false},"featured_media":22445,"comment_status":"open","ping_status":"closed","template":"","meta":{"site-sidebar-layout":"default","site-content-layout":"default","ast-site-content-layout":"default","site-content-style":"default","site-sidebar-style":"default","ast-global-header-display":"","ast-banner-title-visibility":"","ast-main-header-display":"","ast-hfb-above-header-display":"","ast-hfb-below-header-display":"","ast-hfb-mobile-header-display":"","site-post-title":"","ast-breadcrumbs-content":"","ast-featured-img":"","footer-sml-layout":"","ast-disable-related-posts":"","theme-transparent-header-meta":"default","adv-header-id-meta":"","stick-header-meta":"","header-above-stick-meta":"","header-main-stick-meta":"","header-below-stick-meta":"","astra-migrate-meta-layouts":"set","ast-page-background-enabled":"default","ast-page-background-meta":{"desktop":{"background-color":"var(--ast-global-color-4)","background-image":"","background-repeat":"repeat","background-position":"center center","background-size":"auto","background-attachment":"scroll","background-type":"","background-media":"","overlay-type":"","overlay-color":"","overlay-opacity":"","overlay-gradient":""},"tablet":{"background-color":"","background-image":"","background-repeat":"repeat","background-position":"center center","background-size":"auto","background-attachment":"scroll","background-type":"","background-media":"","overlay-type":"","overlay-color":"","overlay-opacity":"","overlay-gradient":""},"mobile":{"background-color":"","background-image":"","background-repeat":"repeat","background-position":"center center","background-size":"auto","background-attachment":"scroll","background-type":"","background-media":"","overlay-type":"","overlay-color":"","overlay-opacity":"","overlay-gradient":""}},"ast-content-background-meta":{"desktop":{"background-color":"var(--ast-global-color-5)","background-image":"","background-repeat":"repeat","background-position":"center center","background-size":"auto","background-attachment":"scroll","background-type":"","background-media":"","overlay-type":"","overlay-color":"","overlay-opacity":"","overlay-gradient":""},"tablet":{"background-color":"var(--ast-global-color-5)","background-image":"","background-repeat":"repeat","background-position":"center center","background-size":"auto","background-attachment":"scroll","background-type":"","background-media":"","overlay-type":"","overlay-color":"","overlay-opacity":"","overlay-gradient":""},"mobile":{"background-color":"var(--ast-global-color-5)","background-image":"","background-repeat":"repeat","background-position":"center center","background-size":"auto","background-attachment":"scroll","background-type":"","background-media":"","overlay-type":"","overlay-color":"","overlay-opacity":"","overlay-gradient":""}}},"product_brand":[],"product_cat":[1114,1116],"product_tag":[],"class_list":{"0":"post-23290","1":"product","2":"type-product","3":"status-publish","4":"has-post-thumbnail","6":"product_cat-teen-kids-furniture","7":"product_cat-teen-beds","8":"product_shipping_class-30-49-kg-20-dias","9":"pa_color-brown","10":"pa_color-grey","11":"pa_color-white","12":"pa_estancia-bedroom","13":"pa_estilo-modern","14":"pa_material-melamine","15":"pa_material-particle-board","16":"desktop-align-left","17":"tablet-align-left","18":"mobile-align-left","20":"first","21":"onbackorder","22":"taxable","23":"shipping-taxable","24":"purchasable","25":"product-type-variable","26":"wvs-archive-product-wrapper","27":"add-to-wishlist-before_image"},"_links":{"self":[{"href":"https:\/\/meblero.com\/en\/wp-json\/wp\/v2\/product\/23290","targetHints":{"allow":["GET"]}}],"collection":[{"href":"https:\/\/meblero.com\/en\/wp-json\/wp\/v2\/product"}],"about":[{"href":"https:\/\/meblero.com\/en\/wp-json\/wp\/v2\/types\/product"}],"replies":[{"embeddable":true,"href":"https:\/\/meblero.com\/en\/wp-json\/wp\/v2\/comments?post=23290"}],"wp:featuredmedia":[{"embeddable":true,"href":"https:\/\/meblero.com\/en\/wp-json\/wp\/v2\/media\/22445"}],"wp:attachment":[{"href":"https:\/\/meblero.com\/en\/wp-json\/wp\/v2\/media?parent=23290"}],"wp:term":[{"taxonomy":"product_brand","embeddable":true,"href":"https:\/\/meblero.com\/en\/wp-json\/wp\/v2\/product_brand?post=23290"},{"taxonomy":"product_cat","embeddable":true,"href":"https:\/\/meblero.com\/en\/wp-json\/wp\/v2\/product_cat?post=23290"},{"taxonomy":"product_tag","embeddable":true,"href":"https:\/\/meblero.com\/en\/wp-json\/wp\/v2\/product_tag?post=23290"}],"curies":[{"name":"wp","href":"https:\/\/api.w.org\/{rel}","templated":true}]}}