{"id":23029,"date":"2021-10-11T00:14:38","date_gmt":"2021-10-10T22:14:38","guid":{"rendered":"https:\/\/meblero.com\/affiliate-programme\/"},"modified":"2025-06-15T02:29:44","modified_gmt":"2025-06-15T00:29:44","slug":"affiliate-programme","status":"publish","type":"page","link":"https:\/\/meblero.com\/en\/affiliate-programme\/","title":{"rendered":"Affiliate Programme"},"content":{"rendered":"\n<div class=\"wp-block-buttons is-content-justification-center is-layout-flex wp-container-core-buttons-is-layout-a89b3969 wp-block-buttons-is-layout-flex\">\n<div class=\"wp-block-button is-style-fill\"><a class=\"wp-block-button__link has-ast-global-color-5-color has-ast-global-color-8-background-color has-text-color has-background wp-element-button\" href=\"https:\/\/meblero.com\/en\/affiliates-area\/\">Register \/ Sign in<\/a><\/div>\n<\/div>\n\n<div style=\"height:32px\" aria-hidden=\"true\" class=\"wp-block-spacer\"><\/div>\n\n<figure class=\"wp-block-image aligncenter size-full\"><img loading=\"lazy\" decoding=\"async\" width=\"1000\" height=\"666\" src=\"https:\/\/meblero.com\/wp-content\/uploads\/2022\/12\/Programa-de-afiliados-MEBLERO.-Muebles-decoracion-menaje-Iluminacion.jpg\" alt=\"MEBLERO Affiliate Programme: Furniture, Decor, Homeware, Lighting \" class=\"wp-image-12960\" style=\"object-fit:cover\" srcset=\"https:\/\/meblero.com\/wp-content\/uploads\/2022\/12\/Programa-de-afiliados-MEBLERO.-Muebles-decoracion-menaje-Iluminacion.jpg 1000w, https:\/\/meblero.com\/wp-content\/uploads\/2022\/12\/Programa-de-afiliados-MEBLERO.-Muebles-decoracion-menaje-Iluminacion-500x333.jpg 500w, https:\/\/meblero.com\/wp-content\/uploads\/2022\/12\/Programa-de-afiliados-MEBLERO.-Muebles-decoracion-menaje-Iluminacion-300x200.jpg 300w, https:\/\/meblero.com\/wp-content\/uploads\/2022\/12\/Programa-de-afiliados-MEBLERO.-Muebles-decoracion-menaje-Iluminacion-768x511.jpg 768w\" sizes=\"auto, (max-width: 1000px) 100vw, 1000px\" \/><\/figure>\n\n<p>The MEBLERO affiliate programme allows participants to use their websites and social media profiles to earn sales commissions on home products\u2014including furniture, decor, homeware, lighting, bedding, textiles, garden items, and more. <\/p>\n\n<p><\/p>\n\n<p>If your audience is in the following countries &#8211; <em>Germany, Andorra, Austria, Belgium, Spain, France, Gibraltar, Italy, Luxembourg, the Netherlands, Portugal, or Switzerland<\/em> &#8211; you can drive traffic to our website and monetise your online presence through affiliate links.<\/p>\n\n<p>The programme is designed for content creators:<\/p>\n\n<ul class=\"wp-block-list\">\n<li>Bloggers<\/li>\n\n\n\n<li><span style=\"font-size: revert;\">Influencers<\/span> on <span style=\"font-size: revert;\">Instagram, YouTube, Facebook, TikTok, Twitter, <\/span>and other platforms<\/li>\n\n\n\n<li><em>Editorials, newspapers, news websites<\/em><\/li>\n\n\n\n<li>Businesses related to the furniture sector, such as real estate agencies and interior designers<\/li>\n\n\n\n<li>Individuals with a large network of contacts <\/li>\n<\/ul>\n\n<h2 class=\"wp-block-heading\"><strong>The advantages of the programme <\/strong><\/h2>\n\n<ul class=\"wp-block-list\">\n<li><strong>Instant registration, no waiting. <\/strong>Only the following is needed: your name, surname, email, and a link to your website, blog, or social media profile.<\/li>\n\n\n\n<li><strong>High average order value<\/strong> in the furniture sector compared to other sectors. We receive many orders of \u20ac1,000, \u20ac2,000, and more. <\/li>\n\n\n\n<li><strong>Personal profiles are accepted<\/strong>. For example, you can post links on your personal Facebook page. <\/li>\n\n\n\n<li><strong>Commissions.<\/strong> The commission programme is very simple.<\/li>\n\n\n\n<li><strong>Affiliates from anywhere in the world are accepted.<\/strong> You just need to keep in mind that customers must make purchases in the eligible countries. <strong>Example.<\/strong> A blogger based in the United Kingdom who creates a post about life and shopping in Spain.<\/li>\n\n\n\n<li>As an affiliate marketer, you can <strong>work from home<\/strong> and set your own hours.<\/li>\n\n\n\n<li><strong>No investment is required.<\/strong> To get started, you only need a computer or a phone connected to the internet.<\/li>\n\n\n\n<li><strong>Personal<\/strong> <strong>dashboard<\/strong> with visit and sales statistics.<\/li>\n\n\n\n<li>El <strong>periodo de caducidad<\/strong> de nuestra cookie es de 90 d\u00edas, mucho m\u00e1s que la mayor\u00eda de los programas en el mercado. El sistema registrar\u00e1 la venta si el cliente final realiza una compra dentro de los tres meses despu\u00e9s de hacer clic en el link de referencia. <\/li>\n<\/ul>\n\n<h2 class=\"wp-block-heading\"><strong>How do I use the MEBLERO affiliate platform?<\/strong><\/h2>\n\n<p><strong>Step 1.<\/strong> <strong>Sign up<\/strong> to receive your affiliate number and access your affiliate account. There\u2019s no need to send emails or make phone calls. <\/p>\n\n<p><strong>Step 2. Generate the affiliate link. <\/strong> You can generate links to any page on our website, a product category, or a specific product in your personal affiliate dashboard. <\/p>\n\n<p>You can also generate links without accessing your personal account. Simply copy the webpage address from your web browser (such as Google Chrome) and add your personal <strong>&#8220;suffix&#8221;<\/strong> at the end of the URL. <\/p>\n\n<p>Example of a link to our website home page: <strong>https:\/\/meblero.com\/ref\/1<\/strong><\/p>\n\n<p>Example of a link to a product page in English: <strong>https:\/\/meblero.com\/en\/p\/product-name\/ref\/1<\/strong><\/p>\n\n<p>You need to add <strong>ref\/<\/strong> followed by your affiliate number instead of the 1 in the example.<\/p>\n\n<p>There\u2019s no limit to the number of links you can create. You can generate links for any page on the website. <\/p>\n\n<p><strong>Step 3. <\/strong><strong>Publish your link.<\/strong> Now that you have your link, you\u2019re ready to install it on websites, include it in social media posts, or share it. Before publishing the link, it\u2019s a good idea to check if it works properly.  <\/p>\n\n<p><strong>Step 4. View the statistics <\/strong> in your personal area to see what works best.<\/p>\n\n<p><strong>Step 5.<\/strong> <strong>Receive the payment.<\/strong> With a confirmed sale, you need to wait until the customer receives the order before you receive your payment. Typically, we require 7 to 30 days to ship orders, depending on the products. <\/p>\n\n<h2 class=\"wp-block-heading\"><strong>Commission Table<\/strong><\/h2>\n\n<figure class=\"wp-block-table\"><table><thead><tr><th><strong>Sales Volume<\/strong> (in the same year)<\/th><th><strong>Commission<\/strong><\/th><\/tr><\/thead><tbody><tr><td>Up to 5,000 euros<\/td><td>5%<\/td><\/tr><tr><td>From 5,000 euros<\/td><td>6%<\/td><\/tr><tr><td>From 10000 euros<\/td><td>7%<\/td><\/tr><\/tbody><\/table><\/figure>\n\n<h2 class=\"wp-block-heading\"><strong>How to receive your earned commissions<\/strong><\/h2>\n\n<p>You can receive payments to your bank account (only for Spain), PayPal, or in cryptocurrency.<\/p>\n\n<h2 class=\"wp-block-heading\"><strong>Important points to keep in mind.<\/strong><\/h2>\n\n<ul class=\"wp-block-list\">\n<li>You&#8217;ll earn the commission only on paid and dispatched orders. If the customer changes their mind and cancels the order or returns the product, you won\u2019t receive the commission. <\/li>\n\n\n\n<li>Delivery costs and additional services such as assembly are not included in the programme. Only products are covered. <\/li>\n\n\n\n<li>Affiliate links are subject to the rules of social media networks. For example, Facebook allows the posting of such links but does not permit payment to promote these types of links on its platform. <\/li>\n\n\n\n<li>In most cases, it is good practice to indicate that you are using affiliate links.<\/li>\n<\/ul>\n\n<div class=\"wp-block-buttons is-content-justification-center is-layout-flex wp-container-core-buttons-is-layout-a89b3969 wp-block-buttons-is-layout-flex\">\n<div class=\"wp-block-button is-style-fill\"><a class=\"wp-block-button__link has-ast-global-color-5-color has-ast-global-color-8-background-color has-text-color has-background wp-element-button\" href=\"https:\/\/meblero.com\/en\/affiliates-area\/\">Register \/ Sign in<\/a><\/div>\n<\/div>\n\n<div style=\"height:65px\" aria-hidden=\"true\" class=\"wp-block-spacer\"><\/div>\n","protected":false},"excerpt":{"rendered":"<p>The MEBLERO affiliate programme allows participants to use their websites and social media profiles to earn sales commissions on home products\u2014including furniture, decor, homeware, lighting, bedding, textiles, garden items, and more. If your audience is in the following countries &#8211; Germany, Andorra, Austria, Belgium, Spain, France, Gibraltar, Italy, Luxembourg, the Netherlands, Portugal, or Switzerland &#8211; [&hellip;]<\/p>\n","protected":false},"author":1,"featured_media":21461,"parent":0,"menu_order":0,"comment_status":"closed","ping_status":"closed","template":"","meta":{"site-sidebar-layout":"default","site-content-layout":"","ast-site-content-layout":"default","site-content-style":"default","site-sidebar-style":"default","ast-global-header-display":"","ast-banner-title-visibility":"","ast-main-header-display":"","ast-hfb-above-header-display":"","ast-hfb-below-header-display":"","ast-hfb-mobile-header-display":"","site-post-title":"","ast-breadcrumbs-content":"","ast-featured-img":"disabled","footer-sml-layout":"","ast-disable-related-posts":"","theme-transparent-header-meta":"","adv-header-id-meta":"","stick-header-meta":"","header-above-stick-meta":"","header-main-stick-meta":"","header-below-stick-meta":"","astra-migrate-meta-layouts":"default","ast-page-background-enabled":"default","ast-page-background-meta":{"desktop":{"background-color":"var(--ast-global-color-4)","background-image":"","background-repeat":"repeat","background-position":"center center","background-size":"auto","background-attachment":"scroll","background-type":"","background-media":"","overlay-type":"","overlay-color":"","overlay-opacity":"","overlay-gradient":""},"tablet":{"background-color":"","background-image":"","background-repeat":"repeat","background-position":"center center","background-size":"auto","background-attachment":"scroll","background-type":"","background-media":"","overlay-type":"","overlay-color":"","overlay-opacity":"","overlay-gradient":""},"mobile":{"background-color":"","background-image":"","background-repeat":"repeat","background-position":"center center","background-size":"auto","background-attachment":"scroll","background-type":"","background-media":"","overlay-type":"","overlay-color":"","overlay-opacity":"","overlay-gradient":""}},"ast-content-background-meta":{"desktop":{"background-color":"var(--ast-global-color-5)","background-image":"","background-repeat":"repeat","background-position":"center center","background-size":"auto","background-attachment":"scroll","background-type":"","background-media":"","overlay-type":"","overlay-color":"","overlay-opacity":"","overlay-gradient":""},"tablet":{"background-color":"var(--ast-global-color-5)","background-image":"","background-repeat":"repeat","background-position":"center center","background-size":"auto","background-attachment":"scroll","background-type":"","background-media":"","overlay-type":"","overlay-color":"","overlay-opacity":"","overlay-gradient":""},"mobile":{"background-color":"var(--ast-global-color-5)","background-image":"","background-repeat":"repeat","background-position":"center center","background-size":"auto","background-attachment":"scroll","background-type":"","background-media":"","overlay-type":"","overlay-color":"","overlay-opacity":"","overlay-gradient":""}},"footnotes":""},"class_list":["post-23029","page","type-page","status-publish","has-post-thumbnail","hentry"],"_links":{"self":[{"href":"https:\/\/meblero.com\/en\/wp-json\/wp\/v2\/pages\/23029","targetHints":{"allow":["GET"]}}],"collection":[{"href":"https:\/\/meblero.com\/en\/wp-json\/wp\/v2\/pages"}],"about":[{"href":"https:\/\/meblero.com\/en\/wp-json\/wp\/v2\/types\/page"}],"author":[{"embeddable":true,"href":"https:\/\/meblero.com\/en\/wp-json\/wp\/v2\/users\/1"}],"replies":[{"embeddable":true,"href":"https:\/\/meblero.com\/en\/wp-json\/wp\/v2\/comments?post=23029"}],"version-history":[{"count":0,"href":"https:\/\/meblero.com\/en\/wp-json\/wp\/v2\/pages\/23029\/revisions"}],"wp:featuredmedia":[{"embeddable":true,"href":"https:\/\/meblero.com\/en\/wp-json\/wp\/v2\/media\/21461"}],"wp:attachment":[{"href":"https:\/\/meblero.com\/en\/wp-json\/wp\/v2\/media?parent=23029"}],"curies":[{"name":"wp","href":"https:\/\/api.w.org\/{rel}","templated":true}]}}