{"id":22995,"date":"2022-08-29T22:49:49","date_gmt":"2022-08-29T20:49:49","guid":{"rendered":"https:\/\/meblero.com\/deliveries\/"},"modified":"2025-08-06T13:03:39","modified_gmt":"2025-08-06T11:03:39","slug":"deliveries","status":"publish","type":"page","link":"https:\/\/meblero.com\/en\/deliveries\/","title":{"rendered":"Deliveries"},"content":{"rendered":"\n<p>The prices published on our website do not include delivery costs, assembly, or other services. <\/p>\n\n<p>La <strong>tarifa de transporte<\/strong> depende de los productos en el pedido y de la ubicaci\u00f3n del cliente. Los gastos de env\u00edo se mostrar\u00e1n en el carrito de compra.  <\/p>\n\n<p>Los <strong>plazos de entrega<\/strong> tambi\u00e9n dependen de los productos en el pedido y de la ubicaci\u00f3n del cliente. Los plazos de entrega se mostrar\u00e1n en el carrito de compra. El plazo de env\u00edo puede variar de 3 d\u00edas hasta 90 d\u00edas.   <\/p>\n\n<p>If the items in the shopping basket have different delivery times, the longest delivery time for the entire order will be displayed.<\/p>\n\n<p>In the case of delivery outside mainland Spain, additional customs clearance charges may apply. These charges will be borne by the customer and are not included in our prices or delivery costs.  <\/p>\n\n<p>Meblero may deliver parts of the order separately due to the different logistics of various products. This means that some items in the order may arrive sooner while others may take longer.  <\/p>\n\n<p>Delivery is &#8220;to the doorstep&#8221; \u2013 packages will be delivered to the customer at street level, without being taken inside their home.<\/p>\n\n<p>The shipping <strong>fee does not include<\/strong> any additional services: assembly, installation, removal of packaging, delivery to the apartment, prior phone notice before delivery, delivery at a specific time slot, change of delivery address, waiting for the customer at the delivery address, additional delivery attempts (beyond the standard two attempts), or other similar services.<\/p>\n\n<p>Some products cannot be delivered to certain regions. In such cases, purchasing them will not be possible. <\/p>\n\n<p>Some orders will be delivered by furniture-specific transport agencies that do not offer order tracking services. In such cases, we can provide updates on the order status upon request via WhatsApp or email. <\/p>\n\n<p>Due to the volume and weight of the products offered, the delivery times indicated on our website are approximate. While most products are delivered before the specified timeframe, a reasonable delay of up to 30 days will not entitle the customer to any compensation. <\/p>\n","protected":false},"excerpt":{"rendered":"<p>The prices published on our website do not include delivery costs, assembly, or other services. La tarifa de transporte depende de los productos en el pedido y de la ubicaci\u00f3n del cliente. Los gastos de env\u00edo se mostrar\u00e1n en el carrito de compra. Los plazos de entrega tambi\u00e9n dependen de los productos en el pedido [&hellip;]<\/p>\n","protected":false},"author":1,"featured_media":0,"parent":0,"menu_order":0,"comment_status":"closed","ping_status":"closed","template":"","meta":{"site-sidebar-layout":"default","site-content-layout":"","ast-site-content-layout":"default","site-content-style":"default","site-sidebar-style":"default","ast-global-header-display":"","ast-banner-title-visibility":"","ast-main-header-display":"","ast-hfb-above-header-display":"","ast-hfb-below-header-display":"","ast-hfb-mobile-header-display":"","site-post-title":"","ast-breadcrumbs-content":"","ast-featured-img":"","footer-sml-layout":"","ast-disable-related-posts":"","theme-transparent-header-meta":"","adv-header-id-meta":"","stick-header-meta":"","header-above-stick-meta":"","header-main-stick-meta":"","header-below-stick-meta":"","astra-migrate-meta-layouts":"set","ast-page-background-enabled":"default","ast-page-background-meta":{"desktop":{"background-color":"var(--ast-global-color-4)","background-image":"","background-repeat":"repeat","background-position":"center center","background-size":"auto","background-attachment":"scroll","background-type":"","background-media":"","overlay-type":"","overlay-color":"","overlay-opacity":"","overlay-gradient":""},"tablet":{"background-color":"","background-image":"","background-repeat":"repeat","background-position":"center center","background-size":"auto","background-attachment":"scroll","background-type":"","background-media":"","overlay-type":"","overlay-color":"","overlay-opacity":"","overlay-gradient":""},"mobile":{"background-color":"","background-image":"","background-repeat":"repeat","background-position":"center center","background-size":"auto","background-attachment":"scroll","background-type":"","background-media":"","overlay-type":"","overlay-color":"","overlay-opacity":"","overlay-gradient":""}},"ast-content-background-meta":{"desktop":{"background-color":"var(--ast-global-color-5)","background-image":"","background-repeat":"repeat","background-position":"center center","background-size":"auto","background-attachment":"scroll","background-type":"","background-media":"","overlay-type":"","overlay-color":"","overlay-opacity":"","overlay-gradient":""},"tablet":{"background-color":"var(--ast-global-color-5)","background-image":"","background-repeat":"repeat","background-position":"center center","background-size":"auto","background-attachment":"scroll","background-type":"","background-media":"","overlay-type":"","overlay-color":"","overlay-opacity":"","overlay-gradient":""},"mobile":{"background-color":"var(--ast-global-color-5)","background-image":"","background-repeat":"repeat","background-position":"center center","background-size":"auto","background-attachment":"scroll","background-type":"","background-media":"","overlay-type":"","overlay-color":"","overlay-opacity":"","overlay-gradient":""}},"footnotes":""},"class_list":["post-22995","page","type-page","status-publish","hentry"],"_links":{"self":[{"href":"https:\/\/meblero.com\/en\/wp-json\/wp\/v2\/pages\/22995","targetHints":{"allow":["GET"]}}],"collection":[{"href":"https:\/\/meblero.com\/en\/wp-json\/wp\/v2\/pages"}],"about":[{"href":"https:\/\/meblero.com\/en\/wp-json\/wp\/v2\/types\/page"}],"author":[{"embeddable":true,"href":"https:\/\/meblero.com\/en\/wp-json\/wp\/v2\/users\/1"}],"replies":[{"embeddable":true,"href":"https:\/\/meblero.com\/en\/wp-json\/wp\/v2\/comments?post=22995"}],"version-history":[{"count":0,"href":"https:\/\/meblero.com\/en\/wp-json\/wp\/v2\/pages\/22995\/revisions"}],"wp:attachment":[{"href":"https:\/\/meblero.com\/en\/wp-json\/wp\/v2\/media?parent=22995"}],"curies":[{"name":"wp","href":"https:\/\/api.w.org\/{rel}","templated":true}]}}